{"id":238,"date":"2022-04-07T09:18:57","date_gmt":"2022-04-07T09:18:57","guid":{"rendered":"https:\/\/jarnasbygdegardsforening.se\/?page_id=238"},"modified":"2024-06-23T14:14:50","modified_gmt":"2024-06-23T14:14:50","slug":"bli-medlem","status":"publish","type":"page","link":"https:\/\/jarnasbygdegardsforening.se\/?page_id=238","title":{"rendered":"Bli medlem"},"content":{"rendered":"\n<p>Betala g\u00e4rna din medlemsavgift till BG 207-4193 eller via swish till nummer 123 092 20 05<\/p>\n\n\n\n<p>M\u00e4rk alla betalningar med din\/er e-postadress<\/p>\n\n\n\n<p>100 kr per medlem eller 200 kr f\u00f6r familjmedlemskap<\/p>\n","protected":false},"excerpt":{"rendered":"<p>Betala g\u00e4rna din medlemsavgift till BG 207-4193 eller via swish till nummer 123 092 20 05 M\u00e4rk alla betalningar med din\/er e-postadress 100 kr per medlem eller 200 kr f\u00f6r familjmedlemskap<\/p>\n","protected":false},"author":1,"featured_media":0,"parent":0,"menu_order":0,"comment_status":"closed","ping_status":"closed","template":"","meta":{"footnotes":""},"class_list":["post-238","page","type-page","status-publish","hentry"],"yoast_head":"<!-- This site is optimized with the Yoast SEO plugin v27.1.1 - https:\/\/yoast.com\/product\/yoast-seo-wordpress\/ -->\n<title>Bli medlem - Bygdeg\u00e5rdsf\u00f6reningen i J\u00e4rn\u00e4s<\/title>\n<meta name=\"robots\" content=\"index, follow, max-snippet:-1, max-image-preview:large, max-video-preview:-1\" \/>\n<link rel=\"canonical\" href=\"https:\/\/jarnasbygdegardsforening.se\/?page_id=238\" \/>\n<meta property=\"og:locale\" content=\"sv_SE\" \/>\n<meta property=\"og:type\" content=\"article\" \/>\n<meta property=\"og:title\" content=\"Bli medlem - Bygdeg\u00e5rdsf\u00f6reningen i J\u00e4rn\u00e4s\" \/>\n<meta property=\"og:description\" content=\"Betala g\u00e4rna din medlemsavgift till BG 207-4193 eller via swish till nummer 123 092 20 05 M\u00e4rk alla betalningar med din\/er e-postadress 100 kr per medlem eller 200 kr f\u00f6r familjmedlemskap\" \/>\n<meta property=\"og:url\" content=\"https:\/\/jarnasbygdegardsforening.se\/?page_id=238\" \/>\n<meta property=\"og:site_name\" content=\"Bygdeg\u00e5rdsf\u00f6reningen i J\u00e4rn\u00e4s\" \/>\n<meta property=\"article:modified_time\" content=\"2024-06-23T14:14:50+00:00\" \/>\n<meta name=\"twitter:card\" content=\"summary_large_image\" \/>\n<meta name=\"twitter:label1\" content=\"Ber\u00e4knad l\u00e4stid\" \/>\n\t<meta name=\"twitter:data1\" content=\"1 minut\" \/>\n<script type=\"application\/ld+json\" class=\"yoast-schema-graph\">{\"@context\":\"https:\/\/schema.org\",\"@graph\":[{\"@type\":\"WebPage\",\"@id\":\"https:\/\/jarnasbygdegardsforening.se\/?page_id=238\",\"url\":\"https:\/\/jarnasbygdegardsforening.se\/?page_id=238\",\"name\":\"Bli medlem - Bygdeg\u00e5rdsf\u00f6reningen i J\u00e4rn\u00e4s\",\"isPartOf\":{\"@id\":\"https:\/\/jarnasbygdegardsforening.se\/#website\"},\"datePublished\":\"2022-04-07T09:18:57+00:00\",\"dateModified\":\"2024-06-23T14:14:50+00:00\",\"breadcrumb\":{\"@id\":\"https:\/\/jarnasbygdegardsforening.se\/?page_id=238#breadcrumb\"},\"inLanguage\":\"sv-SE\",\"potentialAction\":[{\"@type\":\"ReadAction\",\"target\":[\"https:\/\/jarnasbygdegardsforening.se\/?page_id=238\"]}]},{\"@type\":\"BreadcrumbList\",\"@id\":\"https:\/\/jarnasbygdegardsforening.se\/?page_id=238#breadcrumb\",\"itemListElement\":[{\"@type\":\"ListItem\",\"position\":1,\"name\":\"Hem\",\"item\":\"https:\/\/jarnasbygdegardsforening.se\/\"},{\"@type\":\"ListItem\",\"position\":2,\"name\":\"Bli medlem\"}]},{\"@type\":\"WebSite\",\"@id\":\"https:\/\/jarnasbygdegardsforening.se\/#website\",\"url\":\"https:\/\/jarnasbygdegardsforening.se\/\",\"name\":\"Bygdeg\u00e5rdsf\u00f6reningen i J\u00e4rn\u00e4s\",\"description\":\"\",\"potentialAction\":[{\"@type\":\"SearchAction\",\"target\":{\"@type\":\"EntryPoint\",\"urlTemplate\":\"https:\/\/jarnasbygdegardsforening.se\/?s={search_term_string}\"},\"query-input\":{\"@type\":\"PropertyValueSpecification\",\"valueRequired\":true,\"valueName\":\"search_term_string\"}}],\"inLanguage\":\"sv-SE\"}]}<\/script>\n<!-- \/ Yoast SEO plugin. -->","yoast_head_json":{"title":"Bli medlem - Bygdeg\u00e5rdsf\u00f6reningen i J\u00e4rn\u00e4s","robots":{"index":"index","follow":"follow","max-snippet":"max-snippet:-1","max-image-preview":"max-image-preview:large","max-video-preview":"max-video-preview:-1"},"canonical":"https:\/\/jarnasbygdegardsforening.se\/?page_id=238","og_locale":"sv_SE","og_type":"article","og_title":"Bli medlem - Bygdeg\u00e5rdsf\u00f6reningen i J\u00e4rn\u00e4s","og_description":"Betala g\u00e4rna din medlemsavgift till BG 207-4193 eller via swish till nummer 123 092 20 05 M\u00e4rk alla betalningar med din\/er e-postadress 100 kr per medlem eller 200 kr f\u00f6r familjmedlemskap","og_url":"https:\/\/jarnasbygdegardsforening.se\/?page_id=238","og_site_name":"Bygdeg\u00e5rdsf\u00f6reningen i J\u00e4rn\u00e4s","article_modified_time":"2024-06-23T14:14:50+00:00","twitter_card":"summary_large_image","twitter_misc":{"Ber\u00e4knad l\u00e4stid":"1 minut"},"schema":{"@context":"https:\/\/schema.org","@graph":[{"@type":"WebPage","@id":"https:\/\/jarnasbygdegardsforening.se\/?page_id=238","url":"https:\/\/jarnasbygdegardsforening.se\/?page_id=238","name":"Bli medlem - Bygdeg\u00e5rdsf\u00f6reningen i J\u00e4rn\u00e4s","isPartOf":{"@id":"https:\/\/jarnasbygdegardsforening.se\/#website"},"datePublished":"2022-04-07T09:18:57+00:00","dateModified":"2024-06-23T14:14:50+00:00","breadcrumb":{"@id":"https:\/\/jarnasbygdegardsforening.se\/?page_id=238#breadcrumb"},"inLanguage":"sv-SE","potentialAction":[{"@type":"ReadAction","target":["https:\/\/jarnasbygdegardsforening.se\/?page_id=238"]}]},{"@type":"BreadcrumbList","@id":"https:\/\/jarnasbygdegardsforening.se\/?page_id=238#breadcrumb","itemListElement":[{"@type":"ListItem","position":1,"name":"Hem","item":"https:\/\/jarnasbygdegardsforening.se\/"},{"@type":"ListItem","position":2,"name":"Bli medlem"}]},{"@type":"WebSite","@id":"https:\/\/jarnasbygdegardsforening.se\/#website","url":"https:\/\/jarnasbygdegardsforening.se\/","name":"Bygdeg\u00e5rdsf\u00f6reningen i J\u00e4rn\u00e4s","description":"","potentialAction":[{"@type":"SearchAction","target":{"@type":"EntryPoint","urlTemplate":"https:\/\/jarnasbygdegardsforening.se\/?s={search_term_string}"},"query-input":{"@type":"PropertyValueSpecification","valueRequired":true,"valueName":"search_term_string"}}],"inLanguage":"sv-SE"}]}},"_links":{"self":[{"href":"https:\/\/jarnasbygdegardsforening.se\/index.php?rest_route=\/wp\/v2\/pages\/238","targetHints":{"allow":["GET"]}}],"collection":[{"href":"https:\/\/jarnasbygdegardsforening.se\/index.php?rest_route=\/wp\/v2\/pages"}],"about":[{"href":"https:\/\/jarnasbygdegardsforening.se\/index.php?rest_route=\/wp\/v2\/types\/page"}],"author":[{"embeddable":true,"href":"https:\/\/jarnasbygdegardsforening.se\/index.php?rest_route=\/wp\/v2\/users\/1"}],"replies":[{"embeddable":true,"href":"https:\/\/jarnasbygdegardsforening.se\/index.php?rest_route=%2Fwp%2Fv2%2Fcomments&post=238"}],"version-history":[{"count":4,"href":"https:\/\/jarnasbygdegardsforening.se\/index.php?rest_route=\/wp\/v2\/pages\/238\/revisions"}],"predecessor-version":[{"id":459,"href":"https:\/\/jarnasbygdegardsforening.se\/index.php?rest_route=\/wp\/v2\/pages\/238\/revisions\/459"}],"wp:attachment":[{"href":"https:\/\/jarnasbygdegardsforening.se\/index.php?rest_route=%2Fwp%2Fv2%2Fmedia&parent=238"}],"curies":[{"name":"wp","href":"https:\/\/api.w.org\/{rel}","templated":true}]}}